{"id":155134,"date":"2024-11-13T17:59:40","date_gmt":"2024-11-13T17:59:40","guid":{"rendered":"https:\/\/my.stlflix.com\/help_payment\/"},"modified":"2024-11-18T13:44:43","modified_gmt":"2024-11-18T13:44:43","slug":"help_payment","status":"publish","type":"page","link":"https:\/\/www.lojadomandela3d.biz\/fr\/help_payment\/","title":{"rendered":"Help_Payment"},"content":{"rendered":"\t\t<div data-elementor-type=\"wp-page\" data-elementor-id=\"155134\" class=\"elementor elementor-155134\" data-elementor-post-type=\"page\">\n\t\t\t\t<div class=\"elementor-element elementor-element-28a6d88 e-flex e-con-boxed e-con e-parent\" data-id=\"28a6d88\" data-element_type=\"container\">\n\t\t\t\t\t<div class=\"e-con-inner\">\n\t\t<div class=\"elementor-element elementor-element-7112d7a e-con-full e-flex e-con e-child\" data-id=\"7112d7a\" data-element_type=\"container\">\n\t\t\t\t<div class=\"elementor-element elementor-element-1e63438 elementor-view-default elementor-widget elementor-widget-icon\" data-id=\"1e63438\" data-element_type=\"widget\" data-widget_type=\"icon.default\">\n\t\t\t\t<div class=\"elementor-widget-container\">\n\t\t\t\t\t\t\t<div class=\"elementor-icon-wrapper\">\n\t\t\t<a class=\"elementor-icon\" href=\"https:\/\/my.stlflix.com\/fr\/help\/\">\n\t\t\t<svg aria-hidden=\"true\" class=\"e-font-icon-svg e-fas-arrow-left\" viewBox=\"0 0 448 512\" xmlns=\"http:\/\/www.w3.org\/2000\/svg\"><path d=\"M257.5 445.1l-22.2 22.2c-9.4 9.4-24.6 9.4-33.9 0L7 273c-9.4-9.4-9.4-24.6 0-33.9L201.4 44.7c9.4-9.4 24.6-9.4 33.9 0l22.2 22.2c9.5 9.5 9.3 25-.4 34.3L136.6 216H424c13.3 0 24 10.7 24 24v32c0 13.3-10.7 24-24 24H136.6l120.5 114.8c9.8 9.3 10 24.8.4 34.3z\"><\/path><\/svg>\t\t\t<\/a>\n\t\t<\/div>\n\t\t\t\t\t\t<\/div>\n\t\t\t\t<\/div>\n\t\t\t\t<div class=\"elementor-element elementor-element-7c2409a elementor-widget elementor-widget-heading\" data-id=\"7c2409a\" data-element_type=\"widget\" data-widget_type=\"heading.default\">\n\t\t\t\t<div class=\"elementor-widget-container\">\n\t\t\t\t\t<h2 class=\"elementor-heading-title elementor-size-default\"><a href=\"https:\/\/my.stlflix.com\/fr\/help\/\">Retour au Menu d'Aide<\/a><\/h2>\t\t\t\t<\/div>\n\t\t\t\t<\/div>\n\t\t\t\t<\/div>\n\t\t\t\t<div class=\"elementor-element elementor-element-1c71527 elementor-widget elementor-widget-heading\" data-id=\"1c71527\" data-element_type=\"widget\" data-widget_type=\"heading.default\">\n\t\t\t\t<div class=\"elementor-widget-container\">\n\t\t\t\t\t<h2 class=\"elementor-heading-title elementor-size-default\">Comment configurer mon mode de paiement?\n\n\u200b\u200b<\/h2>\t\t\t\t<\/div>\n\t\t\t\t<\/div>\n\t\t\t\t<div class=\"elementor-element elementor-element-021bf40 elementor-widget elementor-widget-text-editor\" data-id=\"021bf40\" data-element_type=\"widget\" data-widget_type=\"text-editor.default\">\n\t\t\t\t<div class=\"elementor-widget-container\">\n\t\t\t\t\t\t\t\t\t<div class=\"flex flex-grow flex-col max-w-full\"><div class=\"min-h-[20px] text-message flex flex-col items-start whitespace-pre-wrap break-words [.text-message+&amp;]:mt-5 juice:w-full juice:items-end overflow-x-auto gap-2\" dir=\"auto\" data-message-author-role=\"assistant\" data-message-id=\"2fc8791d-8dbe-4b2d-90b8-5101c4cc69f5\"><div class=\"flex w-full flex-col gap-1 juice:first:pt-[3px]\"><div class=\"markdown prose w-full break-words dark:prose-invert light\"><div class=\"flex flex-grow flex-col max-w-full\"><div class=\"min-h-[20px] text-message flex flex-col items-start whitespace-pre-wrap break-words [.text-message+&amp;]:mt-5 juice:w-full juice:items-end overflow-x-auto gap-2\" dir=\"auto\" data-message-author-role=\"assistant\" data-message-id=\"2fc8791d-8dbe-4b2d-90b8-5101c4cc69f5\"><div class=\"flex w-full flex-col gap-1 juice:first:pt-[3px]\"><div class=\"markdown prose w-full break-words dark:prose-invert light\"><p>1. Dans le menu de gauche, revenez \u00e0 l&#8217;option \u00ab Param\u00e8tres \u00bb et choisissez \u00ab Param\u00e8tres de paiement \u00bb<\/p><\/div><\/div><\/div><\/div><\/div><\/div><\/div><\/div>\t\t\t\t\t\t\t\t<\/div>\n\t\t\t\t<\/div>\n\t\t\t\t<div class=\"elementor-element elementor-element-e3a4917 elementor-widget elementor-widget-image\" data-id=\"e3a4917\" data-element_type=\"widget\" data-widget_type=\"image.default\">\n\t\t\t\t<div class=\"elementor-widget-container\">\n\t\t\t\t\t\t\t\t\t\t\t\t\t\t\t<img fetchpriority=\"high\" decoding=\"async\" width=\"1024\" height=\"584\" src=\"https:\/\/www.lojadomandela3d.biz\/wp-content\/uploads\/2024\/07\/Pay1-1-1024x584.png\" class=\"attachment-large size-large wp-image-52425\" alt=\"\" srcset=\"https:\/\/www.lojadomandela3d.biz\/wp-content\/uploads\/2024\/07\/Pay1-1-1024x584.png 1024w, https:\/\/www.lojadomandela3d.biz\/wp-content\/uploads\/2024\/07\/Pay1-1-300x171.png 300w, https:\/\/www.lojadomandela3d.biz\/wp-content\/uploads\/2024\/07\/Pay1-1-768x438.png 768w, https:\/\/www.lojadomandela3d.biz\/wp-content\/uploads\/2024\/07\/Pay1-1-1536x876.png 1536w, https:\/\/www.lojadomandela3d.biz\/wp-content\/uploads\/2024\/07\/Pay1-1-600x342.png 600w, https:\/\/www.lojadomandela3d.biz\/wp-content\/uploads\/2024\/07\/Pay1-1-500x285.png 500w, https:\/\/www.lojadomandela3d.biz\/wp-content\/uploads\/2024\/07\/Pay1-1.png 1697w\" sizes=\"(max-width: 1024px) 100vw, 1024px\" \/>\t\t\t\t\t\t\t\t\t\t\t\t\t\t\t<\/div>\n\t\t\t\t<\/div>\n\t\t\t\t<div class=\"elementor-element elementor-element-7affb45 elementor-widget elementor-widget-text-editor\" data-id=\"7affb45\" data-element_type=\"widget\" data-widget_type=\"text-editor.default\">\n\t\t\t\t<div class=\"elementor-widget-container\">\n\t\t\t\t\t\t\t\t\t<p>2. Vous devrez s\u00e9lectionner le mode de paiement disponible (Ici, nous allons utiliser Stripe).<\/p>\t\t\t\t\t\t\t\t<\/div>\n\t\t\t\t<\/div>\n\t\t\t\t<div class=\"elementor-element elementor-element-1c2503a elementor-widget elementor-widget-image\" data-id=\"1c2503a\" data-element_type=\"widget\" data-widget_type=\"image.default\">\n\t\t\t\t<div class=\"elementor-widget-container\">\n\t\t\t\t\t\t\t\t\t\t\t\t\t\t\t<img decoding=\"async\" width=\"1024\" height=\"584\" src=\"https:\/\/www.lojadomandela3d.biz\/wp-content\/uploads\/2024\/07\/Pay2-1-1024x584.png\" class=\"attachment-large size-large wp-image-52428\" alt=\"\" srcset=\"https:\/\/www.lojadomandela3d.biz\/wp-content\/uploads\/2024\/07\/Pay2-1-1024x584.png 1024w, https:\/\/www.lojadomandela3d.biz\/wp-content\/uploads\/2024\/07\/Pay2-1-300x171.png 300w, https:\/\/www.lojadomandela3d.biz\/wp-content\/uploads\/2024\/07\/Pay2-1-768x438.png 768w, https:\/\/www.lojadomandela3d.biz\/wp-content\/uploads\/2024\/07\/Pay2-1-1536x876.png 1536w, https:\/\/www.lojadomandela3d.biz\/wp-content\/uploads\/2024\/07\/Pay2-1-600x342.png 600w, https:\/\/www.lojadomandela3d.biz\/wp-content\/uploads\/2024\/07\/Pay2-1-500x285.png 500w, https:\/\/www.lojadomandela3d.biz\/wp-content\/uploads\/2024\/07\/Pay2-1.png 1697w\" sizes=\"(max-width: 1024px) 100vw, 1024px\" \/>\t\t\t\t\t\t\t\t\t\t\t\t\t\t\t<\/div>\n\t\t\t\t<\/div>\n\t\t\t\t<div class=\"elementor-element elementor-element-c8c5d59 elementor-widget elementor-widget-text-editor\" data-id=\"c8c5d59\" data-element_type=\"widget\" data-widget_type=\"text-editor.default\">\n\t\t\t\t<div class=\"elementor-widget-container\">\n\t\t\t\t\t\t\t\t\t<p>3.\u00a0<span style=\"color: var( --e-global-color-text ); text-align: var(--text-align); background-color: var(--background-color);\">Vous verrez une notification indiquant que votre compte n&#8217;est pas encore connect\u00e9. Cliquez sur \u00ab Se connecter avec Stripe \u00bb<\/span><\/p>\t\t\t\t\t\t\t\t<\/div>\n\t\t\t\t<\/div>\n\t\t\t\t<div class=\"elementor-element elementor-element-3550e49 elementor-widget elementor-widget-image\" data-id=\"3550e49\" data-element_type=\"widget\" data-widget_type=\"image.default\">\n\t\t\t\t<div class=\"elementor-widget-container\">\n\t\t\t\t\t\t\t\t\t\t\t\t\t\t\t<img decoding=\"async\" width=\"1024\" height=\"584\" src=\"https:\/\/www.lojadomandela3d.biz\/wp-content\/uploads\/2024\/07\/Pay3-1-1024x584.png\" class=\"attachment-large size-large wp-image-52434\" alt=\"\" srcset=\"https:\/\/www.lojadomandela3d.biz\/wp-content\/uploads\/2024\/07\/Pay3-1-1024x584.png 1024w, https:\/\/www.lojadomandela3d.biz\/wp-content\/uploads\/2024\/07\/Pay3-1-300x171.png 300w, https:\/\/www.lojadomandela3d.biz\/wp-content\/uploads\/2024\/07\/Pay3-1-768x438.png 768w, https:\/\/www.lojadomandela3d.biz\/wp-content\/uploads\/2024\/07\/Pay3-1-1536x876.png 1536w, https:\/\/www.lojadomandela3d.biz\/wp-content\/uploads\/2024\/07\/Pay3-1-600x342.png 600w, https:\/\/www.lojadomandela3d.biz\/wp-content\/uploads\/2024\/07\/Pay3-1-500x285.png 500w, https:\/\/www.lojadomandela3d.biz\/wp-content\/uploads\/2024\/07\/Pay3-1.png 1697w\" sizes=\"(max-width: 1024px) 100vw, 1024px\" \/>\t\t\t\t\t\t\t\t\t\t\t\t\t\t\t<\/div>\n\t\t\t\t<\/div>\n\t\t\t\t<div class=\"elementor-element elementor-element-68aea81 elementor-widget elementor-widget-text-editor\" data-id=\"68aea81\" data-element_type=\"widget\" data-widget_type=\"text-editor.default\">\n\t\t\t\t<div class=\"elementor-widget-container\">\n\t\t\t\t\t\t\t\t\t<p>4.\u00a0Lorsque vous serez redirig\u00e9 vers la page suivante, vous devrez cr\u00e9er un compte Stripe pour activer votre mode de paiement.\u00a0<\/p><p>Si vous avez d\u00e9j\u00e0 un compte, vous pouvez passer \u00e0 l&#8217;\u00e9tape suivante et saisir vos informations jusqu&#8217;\u00e0 la fin. Si vous n&#8217;avez pas encore de compte, cr\u00e9ez-en simplement un, puis saisissez \u00e9galement vos informations.<\/p>\t\t\t\t\t\t\t\t<\/div>\n\t\t\t\t<\/div>\n\t\t\t\t<div class=\"elementor-element elementor-element-5b21551 elementor-widget elementor-widget-image\" data-id=\"5b21551\" data-element_type=\"widget\" data-widget_type=\"image.default\">\n\t\t\t\t<div class=\"elementor-widget-container\">\n\t\t\t\t\t\t\t\t\t\t\t\t\t\t\t<img loading=\"lazy\" decoding=\"async\" width=\"1024\" height=\"584\" src=\"https:\/\/www.lojadomandela3d.biz\/wp-content\/uploads\/2024\/07\/Pay4-1-1024x584.png\" class=\"attachment-large size-large wp-image-52437\" alt=\"\" srcset=\"https:\/\/www.lojadomandela3d.biz\/wp-content\/uploads\/2024\/07\/Pay4-1-1024x584.png 1024w, https:\/\/www.lojadomandela3d.biz\/wp-content\/uploads\/2024\/07\/Pay4-1-300x171.png 300w, https:\/\/www.lojadomandela3d.biz\/wp-content\/uploads\/2024\/07\/Pay4-1-768x438.png 768w, https:\/\/www.lojadomandela3d.biz\/wp-content\/uploads\/2024\/07\/Pay4-1-1536x876.png 1536w, https:\/\/www.lojadomandela3d.biz\/wp-content\/uploads\/2024\/07\/Pay4-1-600x342.png 600w, https:\/\/www.lojadomandela3d.biz\/wp-content\/uploads\/2024\/07\/Pay4-1-500x285.png 500w, https:\/\/www.lojadomandela3d.biz\/wp-content\/uploads\/2024\/07\/Pay4-1.png 1697w\" sizes=\"(max-width: 1024px) 100vw, 1024px\" \/>\t\t\t\t\t\t\t\t\t\t\t\t\t\t\t<\/div>\n\t\t\t\t<\/div>\n\t\t\t\t<div class=\"elementor-element elementor-element-5358136 elementor-widget elementor-widget-text-editor\" data-id=\"5358136\" data-element_type=\"widget\" data-widget_type=\"text-editor.default\">\n\t\t\t\t<div class=\"elementor-widget-container\">\n\t\t\t\t\t\t\t\t\t<p>5.\u00a0<span style=\"color: var( --e-global-color-text ); text-align: var(--text-align); background-color: var(--background-color);\">Fait ! Vous recevrez une alerte indiquant que vos param\u00e8tres d&#8217;int\u00e9gration Stripe ont \u00e9t\u00e9 finalis\u00e9s et sont maintenant actifs<\/span><\/p>\t\t\t\t\t\t\t\t<\/div>\n\t\t\t\t<\/div>\n\t\t\t\t<div class=\"elementor-element elementor-element-8e2aaa2 elementor-widget elementor-widget-image\" data-id=\"8e2aaa2\" data-element_type=\"widget\" data-widget_type=\"image.default\">\n\t\t\t\t<div class=\"elementor-widget-container\">\n\t\t\t\t\t\t\t\t\t\t\t\t\t\t\t<img loading=\"lazy\" decoding=\"async\" width=\"1024\" height=\"584\" src=\"https:\/\/www.lojadomandela3d.biz\/wp-content\/uploads\/2024\/07\/Pay5-1-1024x584.png\" class=\"attachment-large size-large wp-image-52443\" alt=\"\" srcset=\"https:\/\/www.lojadomandela3d.biz\/wp-content\/uploads\/2024\/07\/Pay5-1-1024x584.png 1024w, https:\/\/www.lojadomandela3d.biz\/wp-content\/uploads\/2024\/07\/Pay5-1-300x171.png 300w, https:\/\/www.lojadomandela3d.biz\/wp-content\/uploads\/2024\/07\/Pay5-1-768x438.png 768w, https:\/\/www.lojadomandela3d.biz\/wp-content\/uploads\/2024\/07\/Pay5-1-1536x876.png 1536w, https:\/\/www.lojadomandela3d.biz\/wp-content\/uploads\/2024\/07\/Pay5-1-600x342.png 600w, https:\/\/www.lojadomandela3d.biz\/wp-content\/uploads\/2024\/07\/Pay5-1-500x285.png 500w, https:\/\/www.lojadomandela3d.biz\/wp-content\/uploads\/2024\/07\/Pay5-1.png 1697w\" sizes=\"(max-width: 1024px) 100vw, 1024px\" \/>\t\t\t\t\t\t\t\t\t\t\t\t\t\t\t<\/div>\n\t\t\t\t<\/div>\n\t\t\t\t\t<\/div>\n\t\t\t\t<\/div>\n\t\t\t\t<\/div>\n\t\t","protected":false},"excerpt":{"rendered":"<p>Retour au Menu d&#8217;Aide Comment configurer mon mode de paiement? \u200b\u200b 1. Dans le menu de gauche, revenez \u00e0 l&#8217;option \u00ab Param\u00e8tres \u00bb et choisissez \u00ab Param\u00e8tres de paiement \u00bb 2. Vous devrez s\u00e9lectionner le mode de paiement disponible (Ici, nous allons utiliser Stripe). 3.\u00a0Vous verrez une notification indiquant que votre compte n&#8217;est pas encore [&hellip;]<\/p>\n","protected":false},"author":358,"featured_media":0,"parent":0,"menu_order":0,"comment_status":"closed","ping_status":"closed","template":"","meta":{"footnotes":""},"class_list":["post-155134","page","type-page","status-publish","hentry"],"yoast_head":"<!-- This site is optimized with the Yoast SEO plugin v25.1 - https:\/\/yoast.com\/wordpress\/plugins\/seo\/ -->\n<title>Help_Payment - MyStore - By STLFLIX<\/title>\n<meta name=\"robots\" content=\"index, follow, max-snippet:-1, max-image-preview:large, max-video-preview:-1\" \/>\n<link rel=\"canonical\" href=\"https:\/\/my.stlflix.com\/help_payment\/\" \/>\n<meta property=\"og:locale\" content=\"fr_FR\" \/>\n<meta property=\"og:type\" content=\"article\" \/>\n<meta property=\"og:title\" content=\"Help_Payment - MyStore - By STLFLIX\" \/>\n<meta property=\"og:description\" content=\"Retour au Menu d&#8217;Aide Comment configurer mon mode de paiement? \u200b\u200b 1. Dans le menu de gauche, revenez \u00e0 l&#8217;option \u00ab Param\u00e8tres \u00bb et choisissez \u00ab Param\u00e8tres de paiement \u00bb 2. Vous devrez s\u00e9lectionner le mode de paiement disponible (Ici, nous allons utiliser Stripe). 3.\u00a0Vous verrez une notification indiquant que votre compte n&#8217;est pas encore [&hellip;]\" \/>\n<meta property=\"og:url\" content=\"https:\/\/my.stlflix.com\/help_payment\/\" \/>\n<meta property=\"og:site_name\" content=\"MyStore - By STLFLIX\" \/>\n<meta property=\"article:publisher\" content=\"https:\/\/www.facebook.com\/STLFLIX\" \/>\n<meta property=\"article:modified_time\" content=\"2024-11-18T13:44:43+00:00\" \/>\n<meta property=\"og:image\" content=\"https:\/\/my.stlflix.com\/wp-content\/uploads\/2024\/07\/Pay1-1-1024x584.png\" \/>\n<meta name=\"twitter:card\" content=\"summary_large_image\" \/>\n<meta name=\"twitter:label1\" content=\"Est. reading time\" \/>\n\t<meta name=\"twitter:data1\" content=\"2 minutes\" \/>\n<script type=\"application\/ld+json\" class=\"yoast-schema-graph\">{\"@context\":\"https:\/\/schema.org\",\"@graph\":[{\"@type\":\"WebPage\",\"@id\":\"https:\/\/my.stlflix.com\/help_payment\/\",\"url\":\"https:\/\/my.stlflix.com\/help_payment\/\",\"name\":\"Help_Payment - MyStore - By STLFLIX\",\"isPartOf\":{\"@id\":\"https:\/\/my.stlflix.com\/tr\/#website\"},\"primaryImageOfPage\":{\"@id\":\"https:\/\/my.stlflix.com\/help_payment\/#primaryimage\"},\"image\":{\"@id\":\"https:\/\/my.stlflix.com\/help_payment\/#primaryimage\"},\"thumbnailUrl\":\"https:\/\/my.stlflix.com\/wp-content\/uploads\/2024\/07\/Pay1-1-1024x584.png\",\"datePublished\":\"2024-11-13T17:59:40+00:00\",\"dateModified\":\"2024-11-18T13:44:43+00:00\",\"breadcrumb\":{\"@id\":\"https:\/\/my.stlflix.com\/help_payment\/#breadcrumb\"},\"inLanguage\":\"fr-FR\",\"potentialAction\":[{\"@type\":\"ReadAction\",\"target\":[\"https:\/\/my.stlflix.com\/help_payment\/\"]}]},{\"@type\":\"ImageObject\",\"inLanguage\":\"fr-FR\",\"@id\":\"https:\/\/my.stlflix.com\/help_payment\/#primaryimage\",\"url\":\"https:\/\/my.stlflix.com\/wp-content\/uploads\/2024\/07\/Pay1-1-1024x584.png\",\"contentUrl\":\"https:\/\/my.stlflix.com\/wp-content\/uploads\/2024\/07\/Pay1-1-1024x584.png\"},{\"@type\":\"BreadcrumbList\",\"@id\":\"https:\/\/my.stlflix.com\/help_payment\/#breadcrumb\",\"itemListElement\":[{\"@type\":\"ListItem\",\"position\":1,\"name\":\"Home\",\"item\":\"https:\/\/my.stlflix.com\/\"},{\"@type\":\"ListItem\",\"position\":2,\"name\":\"Help_Payment\"}]},{\"@type\":\"WebSite\",\"@id\":\"https:\/\/my.stlflix.com\/tr\/#website\",\"url\":\"https:\/\/my.stlflix.com\/tr\/\",\"name\":\"MyStore - By STLFLIX\",\"description\":\"\",\"publisher\":{\"@id\":\"https:\/\/my.stlflix.com\/tr\/#organization\"},\"potentialAction\":[{\"@type\":\"SearchAction\",\"target\":{\"@type\":\"EntryPoint\",\"urlTemplate\":\"https:\/\/my.stlflix.com\/tr\/?s={search_term_string}\"},\"query-input\":{\"@type\":\"PropertyValueSpecification\",\"valueRequired\":true,\"valueName\":\"search_term_string\"}}],\"inLanguage\":\"fr-FR\"},{\"@type\":\"Organization\",\"@id\":\"https:\/\/my.stlflix.com\/tr\/#organization\",\"name\":\"MyStore - By STLFLIX\",\"url\":\"https:\/\/my.stlflix.com\/tr\/\",\"logo\":{\"@type\":\"ImageObject\",\"inLanguage\":\"fr-FR\",\"@id\":\"https:\/\/my.stlflix.com\/tr\/#\/schema\/logo\/image\/\",\"url\":\"https:\/\/my.stlflix.com\/wp-content\/uploads\/2024\/06\/logo-mystore.png\",\"contentUrl\":\"https:\/\/my.stlflix.com\/wp-content\/uploads\/2024\/06\/logo-mystore.png\",\"width\":150,\"height\":41,\"caption\":\"MyStore - By STLFLIX\"},\"image\":{\"@id\":\"https:\/\/my.stlflix.com\/tr\/#\/schema\/logo\/image\/\"},\"sameAs\":[\"https:\/\/www.facebook.com\/STLFLIX\",\"https:\/\/www.instagram.com\/stlflix_\/\",\"https:\/\/www.tiktok.com\/@stlflix\"]}]}<\/script>\n<!-- \/ Yoast SEO plugin. -->","yoast_head_json":{"title":"Help_Payment - MyStore - By STLFLIX","robots":{"index":"index","follow":"follow","max-snippet":"max-snippet:-1","max-image-preview":"max-image-preview:large","max-video-preview":"max-video-preview:-1"},"canonical":"https:\/\/my.stlflix.com\/help_payment\/","og_locale":"fr_FR","og_type":"article","og_title":"Help_Payment - MyStore - By STLFLIX","og_description":"Retour au Menu d&#8217;Aide Comment configurer mon mode de paiement? \u200b\u200b 1. Dans le menu de gauche, revenez \u00e0 l&#8217;option \u00ab Param\u00e8tres \u00bb et choisissez \u00ab Param\u00e8tres de paiement \u00bb 2. Vous devrez s\u00e9lectionner le mode de paiement disponible (Ici, nous allons utiliser Stripe). 3.\u00a0Vous verrez une notification indiquant que votre compte n&#8217;est pas encore [&hellip;]","og_url":"https:\/\/my.stlflix.com\/help_payment\/","og_site_name":"MyStore - By STLFLIX","article_publisher":"https:\/\/www.facebook.com\/STLFLIX","article_modified_time":"2024-11-18T13:44:43+00:00","og_image":[{"url":"https:\/\/my.stlflix.com\/wp-content\/uploads\/2024\/07\/Pay1-1-1024x584.png","type":"","width":"","height":""}],"twitter_card":"summary_large_image","twitter_misc":{"Est. reading time":"2 minutes"},"schema":{"@context":"https:\/\/schema.org","@graph":[{"@type":"WebPage","@id":"https:\/\/my.stlflix.com\/help_payment\/","url":"https:\/\/my.stlflix.com\/help_payment\/","name":"Help_Payment - MyStore - By STLFLIX","isPartOf":{"@id":"https:\/\/my.stlflix.com\/tr\/#website"},"primaryImageOfPage":{"@id":"https:\/\/my.stlflix.com\/help_payment\/#primaryimage"},"image":{"@id":"https:\/\/my.stlflix.com\/help_payment\/#primaryimage"},"thumbnailUrl":"https:\/\/my.stlflix.com\/wp-content\/uploads\/2024\/07\/Pay1-1-1024x584.png","datePublished":"2024-11-13T17:59:40+00:00","dateModified":"2024-11-18T13:44:43+00:00","breadcrumb":{"@id":"https:\/\/my.stlflix.com\/help_payment\/#breadcrumb"},"inLanguage":"fr-FR","potentialAction":[{"@type":"ReadAction","target":["https:\/\/my.stlflix.com\/help_payment\/"]}]},{"@type":"ImageObject","inLanguage":"fr-FR","@id":"https:\/\/my.stlflix.com\/help_payment\/#primaryimage","url":"https:\/\/my.stlflix.com\/wp-content\/uploads\/2024\/07\/Pay1-1-1024x584.png","contentUrl":"https:\/\/my.stlflix.com\/wp-content\/uploads\/2024\/07\/Pay1-1-1024x584.png"},{"@type":"BreadcrumbList","@id":"https:\/\/my.stlflix.com\/help_payment\/#breadcrumb","itemListElement":[{"@type":"ListItem","position":1,"name":"Home","item":"https:\/\/my.stlflix.com\/"},{"@type":"ListItem","position":2,"name":"Help_Payment"}]},{"@type":"WebSite","@id":"https:\/\/my.stlflix.com\/tr\/#website","url":"https:\/\/my.stlflix.com\/tr\/","name":"MyStore - By STLFLIX","description":"","publisher":{"@id":"https:\/\/my.stlflix.com\/tr\/#organization"},"potentialAction":[{"@type":"SearchAction","target":{"@type":"EntryPoint","urlTemplate":"https:\/\/my.stlflix.com\/tr\/?s={search_term_string}"},"query-input":{"@type":"PropertyValueSpecification","valueRequired":true,"valueName":"search_term_string"}}],"inLanguage":"fr-FR"},{"@type":"Organization","@id":"https:\/\/my.stlflix.com\/tr\/#organization","name":"MyStore - By STLFLIX","url":"https:\/\/my.stlflix.com\/tr\/","logo":{"@type":"ImageObject","inLanguage":"fr-FR","@id":"https:\/\/my.stlflix.com\/tr\/#\/schema\/logo\/image\/","url":"https:\/\/my.stlflix.com\/wp-content\/uploads\/2024\/06\/logo-mystore.png","contentUrl":"https:\/\/my.stlflix.com\/wp-content\/uploads\/2024\/06\/logo-mystore.png","width":150,"height":41,"caption":"MyStore - By STLFLIX"},"image":{"@id":"https:\/\/my.stlflix.com\/tr\/#\/schema\/logo\/image\/"},"sameAs":["https:\/\/www.facebook.com\/STLFLIX","https:\/\/www.instagram.com\/stlflix_\/","https:\/\/www.tiktok.com\/@stlflix"]}]}},"_links":{"self":[{"href":"https:\/\/www.lojadomandela3d.biz\/fr\/wp-json\/wp\/v2\/pages\/155134","targetHints":{"allow":["GET"]}}],"collection":[{"href":"https:\/\/www.lojadomandela3d.biz\/fr\/wp-json\/wp\/v2\/pages"}],"about":[{"href":"https:\/\/www.lojadomandela3d.biz\/fr\/wp-json\/wp\/v2\/types\/page"}],"author":[{"embeddable":true,"href":"https:\/\/www.lojadomandela3d.biz\/fr\/wp-json\/wp\/v2\/users\/358"}],"replies":[{"embeddable":true,"href":"https:\/\/www.lojadomandela3d.biz\/fr\/wp-json\/wp\/v2\/comments?post=155134"}],"version-history":[{"count":5,"href":"https:\/\/www.lojadomandela3d.biz\/fr\/wp-json\/wp\/v2\/pages\/155134\/revisions"}],"predecessor-version":[{"id":160440,"href":"https:\/\/www.lojadomandela3d.biz\/fr\/wp-json\/wp\/v2\/pages\/155134\/revisions\/160440"}],"wp:attachment":[{"href":"https:\/\/www.lojadomandela3d.biz\/fr\/wp-json\/wp\/v2\/media?parent=155134"}],"curies":[{"name":"wp","href":"https:\/\/api.w.org\/{rel}","templated":true}]}}