{"id":154827,"date":"2024-11-13T17:52:49","date_gmt":"2024-11-13T17:52:49","guid":{"rendered":"https:\/\/my.stlflix.com\/ajuda_configuracaodaloja\/"},"modified":"2024-11-18T13:39:08","modified_gmt":"2024-11-18T13:39:08","slug":"ajuda_configuracaodaloja","status":"publish","type":"page","link":"https:\/\/www.lojadomandela3d.biz\/pt-br\/ajuda_configuracaodaloja\/","title":{"rendered":"Ajuda_Configura\u00e7\u00e3oDaLoja"},"content":{"rendered":"\t\t<div data-elementor-type=\"wp-page\" data-elementor-id=\"154827\" class=\"elementor elementor-154827\" data-elementor-post-type=\"page\">\n\t\t\t\t<div class=\"elementor-element elementor-element-49523b3 e-flex e-con-boxed e-con e-parent\" data-id=\"49523b3\" data-element_type=\"container\">\n\t\t\t\t\t<div class=\"e-con-inner\">\n\t\t<div class=\"elementor-element elementor-element-bcea037 e-con-full e-flex e-con e-child\" data-id=\"bcea037\" data-element_type=\"container\">\n\t\t\t\t<div class=\"elementor-element elementor-element-f518122 elementor-view-default elementor-widget elementor-widget-icon\" data-id=\"f518122\" data-element_type=\"widget\" data-widget_type=\"icon.default\">\n\t\t\t\t<div class=\"elementor-widget-container\">\n\t\t\t\t\t\t\t<div class=\"elementor-icon-wrapper\">\n\t\t\t<a class=\"elementor-icon\" href=\"https:\/\/my.stlflix.com\/pt-br\/help\/\">\n\t\t\t<svg aria-hidden=\"true\" class=\"e-font-icon-svg e-fas-arrow-left\" viewBox=\"0 0 448 512\" xmlns=\"http:\/\/www.w3.org\/2000\/svg\"><path d=\"M257.5 445.1l-22.2 22.2c-9.4 9.4-24.6 9.4-33.9 0L7 273c-9.4-9.4-9.4-24.6 0-33.9L201.4 44.7c9.4-9.4 24.6-9.4 33.9 0l22.2 22.2c9.5 9.5 9.3 25-.4 34.3L136.6 216H424c13.3 0 24 10.7 24 24v32c0 13.3-10.7 24-24 24H136.6l120.5 114.8c9.8 9.3 10 24.8.4 34.3z\"><\/path><\/svg>\t\t\t<\/a>\n\t\t<\/div>\n\t\t\t\t\t\t<\/div>\n\t\t\t\t<\/div>\n\t\t\t\t<div class=\"elementor-element elementor-element-ed54734 elementor-widget elementor-widget-heading\" data-id=\"ed54734\" data-element_type=\"widget\" data-widget_type=\"heading.default\">\n\t\t\t\t<div class=\"elementor-widget-container\">\n\t\t\t\t\t<h2 class=\"elementor-heading-title elementor-size-default\"><a href=\"https:\/\/my.stlflix.com\/pt-br\/help\/\">Voltar para o menu de ajuda<\/a><\/h2>\t\t\t\t<\/div>\n\t\t\t\t<\/div>\n\t\t\t\t<\/div>\n\t\t\t\t<div class=\"elementor-element elementor-element-8608621 elementor-widget elementor-widget-heading\" data-id=\"8608621\" data-element_type=\"widget\" data-widget_type=\"heading.default\">\n\t\t\t\t<div class=\"elementor-widget-container\">\n\t\t\t\t\t<h2 class=\"elementor-heading-title elementor-size-default\">Como criar minha loja na Mystore STLFLIX\u200b<\/h2>\t\t\t\t<\/div>\n\t\t\t\t<\/div>\n\t\t\t\t<div class=\"elementor-element elementor-element-980a3fc elementor-widget elementor-widget-text-editor\" data-id=\"980a3fc\" data-element_type=\"widget\" data-widget_type=\"text-editor.default\">\n\t\t\t\t<div class=\"elementor-widget-container\">\n\t\t\t\t\t\t\t\t\t<p>O primeiro passo para configurar sua loja \u00e9 tornar-se um assinante comercial. <a href=\"http:\/\/www.stlflix.com\"><span style=\"text-decoration: underline;\"><strong>Se voc\u00ea ainda n\u00e3o \u00e9 um assinante comercial, pode iniciar a sua assinatura aqui.<\/strong><\/span><\/a> Para aqueles que j\u00e1 s\u00e3o assinantes comerciais, voc\u00ea pode criar sua loja atrav\u00e9s da plataforma STLFLIX (<a href=\"https:\/\/platform.stlflix.com\/\"><strong>https:\/\/platform.stlflix.com\/<\/strong><\/a>)\u00a0.<\/p><p>Na plataforma STLFLIX:<\/p><p>1. Acesse <a href=\"https:\/\/platform.stlflix.com\/\"><strong>https:\/\/platform.stlflix.com\/<\/strong><\/a>\u00a0e no cabe\u00e7alho da pagina voc\u00ea encontrar\u00e1 o link MYSTORE na parte superior antes da op\u00e7\u00e3o de STLACADEMY. Clique no link e voc\u00ea ser\u00e1 redirecionado para painel de gerenciamento da MYSTORE.<\/p>\t\t\t\t\t\t\t\t<\/div>\n\t\t\t\t<\/div>\n\t\t\t\t<div class=\"elementor-element elementor-element-a4225e5 elementor-widget elementor-widget-image\" data-id=\"a4225e5\" data-element_type=\"widget\" data-widget_type=\"image.default\">\n\t\t\t\t<div class=\"elementor-widget-container\">\n\t\t\t\t\t\t\t\t\t\t\t\t\t\t\t<img fetchpriority=\"high\" decoding=\"async\" width=\"1024\" height=\"583\" src=\"https:\/\/www.lojadomandela3d.biz\/wp-content\/uploads\/2024\/07\/Frame-427319896-1-1024x583.png\" class=\"attachment-large size-large wp-image-51723\" alt=\"\" srcset=\"https:\/\/www.lojadomandela3d.biz\/wp-content\/uploads\/2024\/07\/Frame-427319896-1-1024x583.png 1024w, https:\/\/www.lojadomandela3d.biz\/wp-content\/uploads\/2024\/07\/Frame-427319896-1-300x171.png 300w, https:\/\/www.lojadomandela3d.biz\/wp-content\/uploads\/2024\/07\/Frame-427319896-1-768x437.png 768w, https:\/\/www.lojadomandela3d.biz\/wp-content\/uploads\/2024\/07\/Frame-427319896-1-1536x874.png 1536w, https:\/\/www.lojadomandela3d.biz\/wp-content\/uploads\/2024\/07\/Frame-427319896-1-600x341.png 600w, https:\/\/www.lojadomandela3d.biz\/wp-content\/uploads\/2024\/07\/Frame-427319896-1-500x285.png 500w, https:\/\/www.lojadomandela3d.biz\/wp-content\/uploads\/2024\/07\/Frame-427319896-1.png 1692w\" sizes=\"(max-width: 1024px) 100vw, 1024px\" \/>\t\t\t\t\t\t\t\t\t\t\t\t\t\t\t<\/div>\n\t\t\t\t<\/div>\n\t\t\t\t<div class=\"elementor-element elementor-element-69faed4 elementor-widget elementor-widget-text-editor\" data-id=\"69faed4\" data-element_type=\"widget\" data-widget_type=\"text-editor.default\">\n\t\t\t\t<div class=\"elementor-widget-container\">\n\t\t\t\t\t\t\t\t\t<p>2. No menu \u00e0 esquerda, voc\u00ea encontrar\u00e1 o \u00edcone de engrenagem para &#8220;Settings&#8221;\u00a0<br \/>Quando voc\u00ea abrir as op\u00e7\u00f5es, escolha &#8220;Store&#8221;.<br \/>Aqui \u00e9 onde voc\u00ea pode registrar todas as informa\u00e7\u00f5es da sua loja, como nome, URL, moeda usada na loja, selecionar seu banner, logo, endere\u00e7o, etc.<\/p>\t\t\t\t\t\t\t\t<\/div>\n\t\t\t\t<\/div>\n\t\t\t\t<div class=\"elementor-element elementor-element-e4f75de elementor-widget elementor-widget-image\" data-id=\"e4f75de\" data-element_type=\"widget\" data-widget_type=\"image.default\">\n\t\t\t\t<div class=\"elementor-widget-container\">\n\t\t\t\t\t\t\t\t\t\t\t\t\t\t\t<img decoding=\"async\" width=\"1024\" height=\"584\" src=\"https:\/\/www.lojadomandela3d.biz\/wp-content\/uploads\/2024\/07\/Frame-427319900-1024x584.png\" class=\"attachment-large size-large wp-image-51748\" alt=\"\" srcset=\"https:\/\/www.lojadomandela3d.biz\/wp-content\/uploads\/2024\/07\/Frame-427319900-1024x584.png 1024w, https:\/\/www.lojadomandela3d.biz\/wp-content\/uploads\/2024\/07\/Frame-427319900-300x171.png 300w, https:\/\/www.lojadomandela3d.biz\/wp-content\/uploads\/2024\/07\/Frame-427319900-768x438.png 768w, https:\/\/www.lojadomandela3d.biz\/wp-content\/uploads\/2024\/07\/Frame-427319900-1536x876.png 1536w, https:\/\/www.lojadomandela3d.biz\/wp-content\/uploads\/2024\/07\/Frame-427319900-600x342.png 600w, https:\/\/www.lojadomandela3d.biz\/wp-content\/uploads\/2024\/07\/Frame-427319900-500x285.png 500w, https:\/\/www.lojadomandela3d.biz\/wp-content\/uploads\/2024\/07\/Frame-427319900.png 1697w\" sizes=\"(max-width: 1024px) 100vw, 1024px\" \/>\t\t\t\t\t\t\t\t\t\t\t\t\t\t\t<\/div>\n\t\t\t\t<\/div>\n\t\t\t\t<div class=\"elementor-element elementor-element-471e886 elementor-widget elementor-widget-text-editor\" data-id=\"471e886\" data-element_type=\"widget\" data-widget_type=\"text-editor.default\">\n\t\t\t\t<div class=\"elementor-widget-container\">\n\t\t\t\t\t\t\t\t\t<p>3. Ap\u00f3s preencher as informa\u00e7\u00f5es da sua loja \u00e9 s\u00f3 ir at\u00e9 o final da p\u00e1gina e salvar sua atividade clicando em &#8220;Update settings&#8221;. Pronto, suas configura\u00e7\u00f5es de loja j\u00e1 est\u00e3o atualizadas!<\/p>\t\t\t\t\t\t\t\t<\/div>\n\t\t\t\t<\/div>\n\t\t\t\t<div class=\"elementor-element elementor-element-bc367fd elementor-widget elementor-widget-image\" data-id=\"bc367fd\" data-element_type=\"widget\" data-widget_type=\"image.default\">\n\t\t\t\t<div class=\"elementor-widget-container\">\n\t\t\t\t\t\t\t\t\t\t\t\t\t\t\t<img decoding=\"async\" width=\"1024\" height=\"584\" src=\"https:\/\/www.lojadomandela3d.biz\/wp-content\/uploads\/2024\/07\/Frame-427319901-1-1024x584.png\" class=\"attachment-large size-large wp-image-51761\" alt=\"\" srcset=\"https:\/\/www.lojadomandela3d.biz\/wp-content\/uploads\/2024\/07\/Frame-427319901-1-1024x584.png 1024w, https:\/\/www.lojadomandela3d.biz\/wp-content\/uploads\/2024\/07\/Frame-427319901-1-300x171.png 300w, https:\/\/www.lojadomandela3d.biz\/wp-content\/uploads\/2024\/07\/Frame-427319901-1-768x438.png 768w, https:\/\/www.lojadomandela3d.biz\/wp-content\/uploads\/2024\/07\/Frame-427319901-1-1536x876.png 1536w, https:\/\/www.lojadomandela3d.biz\/wp-content\/uploads\/2024\/07\/Frame-427319901-1-600x342.png 600w, https:\/\/www.lojadomandela3d.biz\/wp-content\/uploads\/2024\/07\/Frame-427319901-1-500x285.png 500w, https:\/\/www.lojadomandela3d.biz\/wp-content\/uploads\/2024\/07\/Frame-427319901-1.png 1697w\" sizes=\"(max-width: 1024px) 100vw, 1024px\" \/>\t\t\t\t\t\t\t\t\t\t\t\t\t\t\t<\/div>\n\t\t\t\t<\/div>\n\t\t\t\t\t<\/div>\n\t\t\t\t<\/div>\n\t\t\t\t<\/div>\n\t\t","protected":false},"excerpt":{"rendered":"<p>Voltar para o menu de ajuda Como criar minha loja na Mystore STLFLIX\u200b O primeiro passo para configurar sua loja \u00e9 tornar-se um assinante comercial. Se voc\u00ea ainda n\u00e3o \u00e9 um assinante comercial, pode iniciar a sua assinatura aqui. Para aqueles que j\u00e1 s\u00e3o assinantes comerciais, voc\u00ea pode criar sua loja atrav\u00e9s da plataforma STLFLIX [&hellip;]<\/p>\n","protected":false},"author":358,"featured_media":0,"parent":0,"menu_order":0,"comment_status":"closed","ping_status":"closed","template":"","meta":{"footnotes":""},"class_list":["post-154827","page","type-page","status-publish","hentry"],"yoast_head":"<!-- This site is optimized with the Yoast SEO plugin v25.1 - https:\/\/yoast.com\/wordpress\/plugins\/seo\/ -->\n<title>Ajuda_Configura\u00e7\u00e3oDaLoja - MyStore - By STLFLIX<\/title>\n<meta name=\"robots\" content=\"index, follow, max-snippet:-1, max-image-preview:large, max-video-preview:-1\" \/>\n<link rel=\"canonical\" href=\"https:\/\/my.stlflix.com\/help_setupstore\/\" \/>\n<meta property=\"og:locale\" content=\"pt_BR\" \/>\n<meta property=\"og:type\" content=\"article\" \/>\n<meta property=\"og:title\" content=\"Ajuda_Configura\u00e7\u00e3oDaLoja - MyStore - By STLFLIX\" \/>\n<meta property=\"og:description\" content=\"Voltar para o menu de ajuda Como criar minha loja na Mystore STLFLIX\u200b O primeiro passo para configurar sua loja \u00e9 tornar-se um assinante comercial. Se voc\u00ea ainda n\u00e3o \u00e9 um assinante comercial, pode iniciar a sua assinatura aqui. Para aqueles que j\u00e1 s\u00e3o assinantes comerciais, voc\u00ea pode criar sua loja atrav\u00e9s da plataforma STLFLIX [&hellip;]\" \/>\n<meta property=\"og:url\" content=\"https:\/\/my.stlflix.com\/help_setupstore\/\" \/>\n<meta property=\"og:site_name\" content=\"MyStore - By STLFLIX\" \/>\n<meta property=\"article:publisher\" content=\"https:\/\/www.facebook.com\/STLFLIX\" \/>\n<meta property=\"article:modified_time\" content=\"2024-11-18T13:39:08+00:00\" \/>\n<meta property=\"og:image\" content=\"https:\/\/my.stlflix.com\/wp-content\/uploads\/2024\/07\/Frame-427319896-1-1024x583.png\" \/>\n<meta name=\"twitter:card\" content=\"summary_large_image\" \/>\n<meta name=\"twitter:label1\" content=\"Est. reading time\" \/>\n\t<meta name=\"twitter:data1\" content=\"2 minutes\" \/>\n<script type=\"application\/ld+json\" class=\"yoast-schema-graph\">{\"@context\":\"https:\/\/schema.org\",\"@graph\":[{\"@type\":\"WebPage\",\"@id\":\"https:\/\/my.stlflix.com\/help_setupstore\/\",\"url\":\"https:\/\/my.stlflix.com\/help_setupstore\/\",\"name\":\"Ajuda_Configura\u00e7\u00e3oDaLoja - MyStore - By STLFLIX\",\"isPartOf\":{\"@id\":\"https:\/\/my.stlflix.com\/tr\/#website\"},\"primaryImageOfPage\":{\"@id\":\"https:\/\/my.stlflix.com\/help_setupstore\/#primaryimage\"},\"image\":{\"@id\":\"https:\/\/my.stlflix.com\/help_setupstore\/#primaryimage\"},\"thumbnailUrl\":\"https:\/\/my.stlflix.com\/wp-content\/uploads\/2024\/07\/Frame-427319896-1-1024x583.png\",\"datePublished\":\"2024-11-13T17:52:49+00:00\",\"dateModified\":\"2024-11-18T13:39:08+00:00\",\"breadcrumb\":{\"@id\":\"https:\/\/my.stlflix.com\/help_setupstore\/#breadcrumb\"},\"inLanguage\":\"pt-BR\",\"potentialAction\":[{\"@type\":\"ReadAction\",\"target\":[\"https:\/\/my.stlflix.com\/help_setupstore\/\"]}]},{\"@type\":\"ImageObject\",\"inLanguage\":\"pt-BR\",\"@id\":\"https:\/\/my.stlflix.com\/help_setupstore\/#primaryimage\",\"url\":\"https:\/\/my.stlflix.com\/wp-content\/uploads\/2024\/07\/Frame-427319896-1-1024x583.png\",\"contentUrl\":\"https:\/\/my.stlflix.com\/wp-content\/uploads\/2024\/07\/Frame-427319896-1-1024x583.png\"},{\"@type\":\"BreadcrumbList\",\"@id\":\"https:\/\/my.stlflix.com\/help_setupstore\/#breadcrumb\",\"itemListElement\":[{\"@type\":\"ListItem\",\"position\":1,\"name\":\"Home\",\"item\":\"https:\/\/my.stlflix.com\/pt-br\/\"},{\"@type\":\"ListItem\",\"position\":2,\"name\":\"Ajuda_Configura\u00e7\u00e3oDaLoja\"}]},{\"@type\":\"WebSite\",\"@id\":\"https:\/\/my.stlflix.com\/tr\/#website\",\"url\":\"https:\/\/my.stlflix.com\/tr\/\",\"name\":\"MyStore - By STLFLIX\",\"description\":\"\",\"publisher\":{\"@id\":\"https:\/\/my.stlflix.com\/tr\/#organization\"},\"potentialAction\":[{\"@type\":\"SearchAction\",\"target\":{\"@type\":\"EntryPoint\",\"urlTemplate\":\"https:\/\/my.stlflix.com\/tr\/?s={search_term_string}\"},\"query-input\":{\"@type\":\"PropertyValueSpecification\",\"valueRequired\":true,\"valueName\":\"search_term_string\"}}],\"inLanguage\":\"pt-BR\"},{\"@type\":\"Organization\",\"@id\":\"https:\/\/my.stlflix.com\/tr\/#organization\",\"name\":\"MyStore - By STLFLIX\",\"url\":\"https:\/\/my.stlflix.com\/tr\/\",\"logo\":{\"@type\":\"ImageObject\",\"inLanguage\":\"pt-BR\",\"@id\":\"https:\/\/my.stlflix.com\/tr\/#\/schema\/logo\/image\/\",\"url\":\"https:\/\/my.stlflix.com\/wp-content\/uploads\/2024\/06\/logo-mystore.png\",\"contentUrl\":\"https:\/\/my.stlflix.com\/wp-content\/uploads\/2024\/06\/logo-mystore.png\",\"width\":150,\"height\":41,\"caption\":\"MyStore - By STLFLIX\"},\"image\":{\"@id\":\"https:\/\/my.stlflix.com\/tr\/#\/schema\/logo\/image\/\"},\"sameAs\":[\"https:\/\/www.facebook.com\/STLFLIX\",\"https:\/\/www.instagram.com\/stlflix_\/\",\"https:\/\/www.tiktok.com\/@stlflix\"]}]}<\/script>\n<!-- \/ Yoast SEO plugin. -->","yoast_head_json":{"title":"Ajuda_Configura\u00e7\u00e3oDaLoja - MyStore - By STLFLIX","robots":{"index":"index","follow":"follow","max-snippet":"max-snippet:-1","max-image-preview":"max-image-preview:large","max-video-preview":"max-video-preview:-1"},"canonical":"https:\/\/my.stlflix.com\/help_setupstore\/","og_locale":"pt_BR","og_type":"article","og_title":"Ajuda_Configura\u00e7\u00e3oDaLoja - MyStore - By STLFLIX","og_description":"Voltar para o menu de ajuda Como criar minha loja na Mystore STLFLIX\u200b O primeiro passo para configurar sua loja \u00e9 tornar-se um assinante comercial. Se voc\u00ea ainda n\u00e3o \u00e9 um assinante comercial, pode iniciar a sua assinatura aqui. Para aqueles que j\u00e1 s\u00e3o assinantes comerciais, voc\u00ea pode criar sua loja atrav\u00e9s da plataforma STLFLIX [&hellip;]","og_url":"https:\/\/my.stlflix.com\/help_setupstore\/","og_site_name":"MyStore - By STLFLIX","article_publisher":"https:\/\/www.facebook.com\/STLFLIX","article_modified_time":"2024-11-18T13:39:08+00:00","og_image":[{"url":"https:\/\/my.stlflix.com\/wp-content\/uploads\/2024\/07\/Frame-427319896-1-1024x583.png","type":"","width":"","height":""}],"twitter_card":"summary_large_image","twitter_misc":{"Est. reading time":"2 minutes"},"schema":{"@context":"https:\/\/schema.org","@graph":[{"@type":"WebPage","@id":"https:\/\/my.stlflix.com\/help_setupstore\/","url":"https:\/\/my.stlflix.com\/help_setupstore\/","name":"Ajuda_Configura\u00e7\u00e3oDaLoja - MyStore - By STLFLIX","isPartOf":{"@id":"https:\/\/my.stlflix.com\/tr\/#website"},"primaryImageOfPage":{"@id":"https:\/\/my.stlflix.com\/help_setupstore\/#primaryimage"},"image":{"@id":"https:\/\/my.stlflix.com\/help_setupstore\/#primaryimage"},"thumbnailUrl":"https:\/\/my.stlflix.com\/wp-content\/uploads\/2024\/07\/Frame-427319896-1-1024x583.png","datePublished":"2024-11-13T17:52:49+00:00","dateModified":"2024-11-18T13:39:08+00:00","breadcrumb":{"@id":"https:\/\/my.stlflix.com\/help_setupstore\/#breadcrumb"},"inLanguage":"pt-BR","potentialAction":[{"@type":"ReadAction","target":["https:\/\/my.stlflix.com\/help_setupstore\/"]}]},{"@type":"ImageObject","inLanguage":"pt-BR","@id":"https:\/\/my.stlflix.com\/help_setupstore\/#primaryimage","url":"https:\/\/my.stlflix.com\/wp-content\/uploads\/2024\/07\/Frame-427319896-1-1024x583.png","contentUrl":"https:\/\/my.stlflix.com\/wp-content\/uploads\/2024\/07\/Frame-427319896-1-1024x583.png"},{"@type":"BreadcrumbList","@id":"https:\/\/my.stlflix.com\/help_setupstore\/#breadcrumb","itemListElement":[{"@type":"ListItem","position":1,"name":"Home","item":"https:\/\/my.stlflix.com\/pt-br\/"},{"@type":"ListItem","position":2,"name":"Ajuda_Configura\u00e7\u00e3oDaLoja"}]},{"@type":"WebSite","@id":"https:\/\/my.stlflix.com\/tr\/#website","url":"https:\/\/my.stlflix.com\/tr\/","name":"MyStore - By STLFLIX","description":"","publisher":{"@id":"https:\/\/my.stlflix.com\/tr\/#organization"},"potentialAction":[{"@type":"SearchAction","target":{"@type":"EntryPoint","urlTemplate":"https:\/\/my.stlflix.com\/tr\/?s={search_term_string}"},"query-input":{"@type":"PropertyValueSpecification","valueRequired":true,"valueName":"search_term_string"}}],"inLanguage":"pt-BR"},{"@type":"Organization","@id":"https:\/\/my.stlflix.com\/tr\/#organization","name":"MyStore - By STLFLIX","url":"https:\/\/my.stlflix.com\/tr\/","logo":{"@type":"ImageObject","inLanguage":"pt-BR","@id":"https:\/\/my.stlflix.com\/tr\/#\/schema\/logo\/image\/","url":"https:\/\/my.stlflix.com\/wp-content\/uploads\/2024\/06\/logo-mystore.png","contentUrl":"https:\/\/my.stlflix.com\/wp-content\/uploads\/2024\/06\/logo-mystore.png","width":150,"height":41,"caption":"MyStore - By STLFLIX"},"image":{"@id":"https:\/\/my.stlflix.com\/tr\/#\/schema\/logo\/image\/"},"sameAs":["https:\/\/www.facebook.com\/STLFLIX","https:\/\/www.instagram.com\/stlflix_\/","https:\/\/www.tiktok.com\/@stlflix"]}]}},"_links":{"self":[{"href":"https:\/\/www.lojadomandela3d.biz\/pt-br\/wp-json\/wp\/v2\/pages\/154827","targetHints":{"allow":["GET"]}}],"collection":[{"href":"https:\/\/www.lojadomandela3d.biz\/pt-br\/wp-json\/wp\/v2\/pages"}],"about":[{"href":"https:\/\/www.lojadomandela3d.biz\/pt-br\/wp-json\/wp\/v2\/types\/page"}],"author":[{"embeddable":true,"href":"https:\/\/www.lojadomandela3d.biz\/pt-br\/wp-json\/wp\/v2\/users\/358"}],"replies":[{"embeddable":true,"href":"https:\/\/www.lojadomandela3d.biz\/pt-br\/wp-json\/wp\/v2\/comments?post=154827"}],"version-history":[{"count":5,"href":"https:\/\/www.lojadomandela3d.biz\/pt-br\/wp-json\/wp\/v2\/pages\/154827\/revisions"}],"predecessor-version":[{"id":160410,"href":"https:\/\/www.lojadomandela3d.biz\/pt-br\/wp-json\/wp\/v2\/pages\/154827\/revisions\/160410"}],"wp:attachment":[{"href":"https:\/\/www.lojadomandela3d.biz\/pt-br\/wp-json\/wp\/v2\/media?parent=154827"}],"curies":[{"name":"wp","href":"https:\/\/api.w.org\/{rel}","templated":true}]}}