{"id":154834,"date":"2024-11-13T18:40:09","date_gmt":"2024-11-13T18:40:09","guid":{"rendered":"https:\/\/my.stlflix.com\/help_register_products\/"},"modified":"2024-11-18T13:40:51","modified_gmt":"2024-11-18T13:40:51","slug":"help_register_products","status":"publish","type":"page","link":"https:\/\/www.lojadomandela3d.biz\/pt-br\/help_register_products\/","title":{"rendered":"Help_Register_Products"},"content":{"rendered":"\t\t<div data-elementor-type=\"wp-page\" data-elementor-id=\"154834\" class=\"elementor elementor-154834\" data-elementor-post-type=\"page\">\n\t\t\t\t<div class=\"elementor-element elementor-element-6617960 e-flex e-con-boxed e-con e-parent\" data-id=\"6617960\" data-element_type=\"container\">\n\t\t\t\t\t<div class=\"e-con-inner\">\n\t\t<div class=\"elementor-element elementor-element-fe94fea e-con-full e-flex e-con e-child\" data-id=\"fe94fea\" data-element_type=\"container\">\n\t\t\t\t<div class=\"elementor-element elementor-element-fb02af9 elementor-view-default elementor-widget elementor-widget-icon\" data-id=\"fb02af9\" data-element_type=\"widget\" data-widget_type=\"icon.default\">\n\t\t\t\t<div class=\"elementor-widget-container\">\n\t\t\t\t\t\t\t<div class=\"elementor-icon-wrapper\">\n\t\t\t<a class=\"elementor-icon\" href=\"https:\/\/my.stlflix.com\/pt-br\/help\/\">\n\t\t\t<svg aria-hidden=\"true\" class=\"e-font-icon-svg e-fas-arrow-left\" viewBox=\"0 0 448 512\" xmlns=\"http:\/\/www.w3.org\/2000\/svg\"><path d=\"M257.5 445.1l-22.2 22.2c-9.4 9.4-24.6 9.4-33.9 0L7 273c-9.4-9.4-9.4-24.6 0-33.9L201.4 44.7c9.4-9.4 24.6-9.4 33.9 0l22.2 22.2c9.5 9.5 9.3 25-.4 34.3L136.6 216H424c13.3 0 24 10.7 24 24v32c0 13.3-10.7 24-24 24H136.6l120.5 114.8c9.8 9.3 10 24.8.4 34.3z\"><\/path><\/svg>\t\t\t<\/a>\n\t\t<\/div>\n\t\t\t\t\t\t<\/div>\n\t\t\t\t<\/div>\n\t\t\t\t<div class=\"elementor-element elementor-element-1f3c623 elementor-widget elementor-widget-heading\" data-id=\"1f3c623\" data-element_type=\"widget\" data-widget_type=\"heading.default\">\n\t\t\t\t<div class=\"elementor-widget-container\">\n\t\t\t\t\t<h2 class=\"elementor-heading-title elementor-size-default\"><a href=\"https:\/\/my.stlflix.com\/pt-br\/help\/\">Voltar para o menu de ajuda<\/a><\/h2>\t\t\t\t<\/div>\n\t\t\t\t<\/div>\n\t\t\t\t<\/div>\n\t\t\t\t<div class=\"elementor-element elementor-element-f19056f elementor-widget elementor-widget-heading\" data-id=\"f19056f\" data-element_type=\"widget\" data-widget_type=\"heading.default\">\n\t\t\t\t<div class=\"elementor-widget-container\">\n\t\t\t\t\t<h2 class=\"elementor-heading-title elementor-size-default\">Como registrar meus pr\u00f3prios produtos?\u200b<\/h2>\t\t\t\t<\/div>\n\t\t\t\t<\/div>\n\t\t\t\t<div class=\"elementor-element elementor-element-78a1c34 elementor-widget elementor-widget-text-editor\" data-id=\"78a1c34\" data-element_type=\"widget\" data-widget_type=\"text-editor.default\">\n\t\t\t\t<div class=\"elementor-widget-container\">\n\t\t\t\t\t\t\t\t\t<p>1. Al\u00e9m dos modelos STLFLIX, voc\u00ea pode adicionar qualquer outro produto \u00e0 sua loja. Para fazer isso, primeiro v\u00e1 para o painel esquerdo, clique em &#8220;Products&#8221; e, em seguida, clique em &#8220;Add New Product&#8221;.<\/p>\t\t\t\t\t\t\t\t<\/div>\n\t\t\t\t<\/div>\n\t\t\t\t<div class=\"elementor-element elementor-element-dcc300a elementor-widget elementor-widget-image\" data-id=\"dcc300a\" data-element_type=\"widget\" data-widget_type=\"image.default\">\n\t\t\t\t<div class=\"elementor-widget-container\">\n\t\t\t\t\t\t\t\t\t\t\t\t\t\t\t<img fetchpriority=\"high\" decoding=\"async\" width=\"1024\" height=\"584\" src=\"https:\/\/www.lojadomandela3d.biz\/wp-content\/uploads\/2024\/07\/NEW-PRODUCT-1-1024x584.png\" class=\"attachment-large size-large wp-image-51888\" alt=\"\" srcset=\"https:\/\/www.lojadomandela3d.biz\/wp-content\/uploads\/2024\/07\/NEW-PRODUCT-1-1024x584.png 1024w, https:\/\/www.lojadomandela3d.biz\/wp-content\/uploads\/2024\/07\/NEW-PRODUCT-1-300x171.png 300w, https:\/\/www.lojadomandela3d.biz\/wp-content\/uploads\/2024\/07\/NEW-PRODUCT-1-768x438.png 768w, https:\/\/www.lojadomandela3d.biz\/wp-content\/uploads\/2024\/07\/NEW-PRODUCT-1-1536x876.png 1536w, https:\/\/www.lojadomandela3d.biz\/wp-content\/uploads\/2024\/07\/NEW-PRODUCT-1-600x342.png 600w, https:\/\/www.lojadomandela3d.biz\/wp-content\/uploads\/2024\/07\/NEW-PRODUCT-1-500x285.png 500w, https:\/\/www.lojadomandela3d.biz\/wp-content\/uploads\/2024\/07\/NEW-PRODUCT-1.png 1697w\" sizes=\"(max-width: 1024px) 100vw, 1024px\" \/>\t\t\t\t\t\t\t\t\t\t\t\t\t\t\t<\/div>\n\t\t\t\t<\/div>\n\t\t\t\t<div class=\"elementor-element elementor-element-3cff95e elementor-widget elementor-widget-text-editor\" data-id=\"3cff95e\" data-element_type=\"widget\" data-widget_type=\"text-editor.default\">\n\t\t\t\t<div class=\"elementor-widget-container\">\n\t\t\t\t\t\t\t\t\t<p>2. Diferente de quando voc\u00ea importa um modelo STLFLIX para seu catalogo de produtos aqui voc\u00ea ter\u00e1 todos os campos livres para preencher como quiser, podendo assim cadastrar outros produtos diferentes ao seu catalogo.<\/p>\t\t\t\t\t\t\t\t<\/div>\n\t\t\t\t<\/div>\n\t\t\t\t<div class=\"elementor-element elementor-element-a944037 elementor-widget elementor-widget-image\" data-id=\"a944037\" data-element_type=\"widget\" data-widget_type=\"image.default\">\n\t\t\t\t<div class=\"elementor-widget-container\">\n\t\t\t\t\t\t\t\t\t\t\t\t\t\t\t<img decoding=\"async\" width=\"1024\" height=\"584\" src=\"https:\/\/www.lojadomandela3d.biz\/wp-content\/uploads\/2024\/07\/NEW-PRODUCT-2-1024x584.png\" class=\"attachment-large size-large wp-image-51892\" alt=\"\" srcset=\"https:\/\/www.lojadomandela3d.biz\/wp-content\/uploads\/2024\/07\/NEW-PRODUCT-2-1024x584.png 1024w, https:\/\/www.lojadomandela3d.biz\/wp-content\/uploads\/2024\/07\/NEW-PRODUCT-2-300x171.png 300w, https:\/\/www.lojadomandela3d.biz\/wp-content\/uploads\/2024\/07\/NEW-PRODUCT-2-768x438.png 768w, https:\/\/www.lojadomandela3d.biz\/wp-content\/uploads\/2024\/07\/NEW-PRODUCT-2-1536x876.png 1536w, https:\/\/www.lojadomandela3d.biz\/wp-content\/uploads\/2024\/07\/NEW-PRODUCT-2-600x342.png 600w, https:\/\/www.lojadomandela3d.biz\/wp-content\/uploads\/2024\/07\/NEW-PRODUCT-2-500x285.png 500w, https:\/\/www.lojadomandela3d.biz\/wp-content\/uploads\/2024\/07\/NEW-PRODUCT-2.png 1697w\" sizes=\"(max-width: 1024px) 100vw, 1024px\" \/>\t\t\t\t\t\t\t\t\t\t\t\t\t\t\t<\/div>\n\t\t\t\t<\/div>\n\t\t\t\t<div class=\"elementor-element elementor-element-06b9537 elementor-widget elementor-widget-text-editor\" data-id=\"06b9537\" data-element_type=\"widget\" data-widget_type=\"text-editor.default\">\n\t\t\t\t<div class=\"elementor-widget-container\">\n\t\t\t\t\t\t\t\t\t<p>3. Por fim, ap\u00f3s realizar todo seu cadastro de um novo produto n\u00e3o se esque\u00e7a de alterar o status de &#8220;Draft&#8221; para &#8220;Online&#8221;. Ap\u00f3s isso seu produto j\u00e1 aparecer\u00e1 na sua loja.<\/p>\t\t\t\t\t\t\t\t<\/div>\n\t\t\t\t<\/div>\n\t\t\t\t<div class=\"elementor-element elementor-element-d510850 elementor-widget elementor-widget-image\" data-id=\"d510850\" data-element_type=\"widget\" data-widget_type=\"image.default\">\n\t\t\t\t<div class=\"elementor-widget-container\">\n\t\t\t\t\t\t\t\t\t\t\t\t\t\t\t<img decoding=\"async\" width=\"1024\" height=\"584\" src=\"https:\/\/www.lojadomandela3d.biz\/wp-content\/uploads\/2024\/07\/NEW-PRODUCT-3-1024x584.png\" class=\"attachment-large size-large wp-image-51898\" alt=\"\" srcset=\"https:\/\/www.lojadomandela3d.biz\/wp-content\/uploads\/2024\/07\/NEW-PRODUCT-3-1024x584.png 1024w, https:\/\/www.lojadomandela3d.biz\/wp-content\/uploads\/2024\/07\/NEW-PRODUCT-3-300x171.png 300w, https:\/\/www.lojadomandela3d.biz\/wp-content\/uploads\/2024\/07\/NEW-PRODUCT-3-768x438.png 768w, https:\/\/www.lojadomandela3d.biz\/wp-content\/uploads\/2024\/07\/NEW-PRODUCT-3-1536x876.png 1536w, https:\/\/www.lojadomandela3d.biz\/wp-content\/uploads\/2024\/07\/NEW-PRODUCT-3-600x342.png 600w, https:\/\/www.lojadomandela3d.biz\/wp-content\/uploads\/2024\/07\/NEW-PRODUCT-3-500x285.png 500w, https:\/\/www.lojadomandela3d.biz\/wp-content\/uploads\/2024\/07\/NEW-PRODUCT-3.png 1697w\" sizes=\"(max-width: 1024px) 100vw, 1024px\" \/>\t\t\t\t\t\t\t\t\t\t\t\t\t\t\t<\/div>\n\t\t\t\t<\/div>\n\t\t\t\t\t<\/div>\n\t\t\t\t<\/div>\n\t\t\t\t<\/div>\n\t\t","protected":false},"excerpt":{"rendered":"<p>Voltar para o menu de ajuda Como registrar meus pr\u00f3prios produtos?\u200b 1. Al\u00e9m dos modelos STLFLIX, voc\u00ea pode adicionar qualquer outro produto \u00e0 sua loja. Para fazer isso, primeiro v\u00e1 para o painel esquerdo, clique em &#8220;Products&#8221; e, em seguida, clique em &#8220;Add New Product&#8221;. 2. Diferente de quando voc\u00ea importa um modelo STLFLIX para [&hellip;]<\/p>\n","protected":false},"author":358,"featured_media":0,"parent":0,"menu_order":0,"comment_status":"closed","ping_status":"closed","template":"","meta":{"footnotes":""},"class_list":["post-154834","page","type-page","status-publish","hentry"],"yoast_head":"<!-- This site is optimized with the Yoast SEO plugin v25.1 - https:\/\/yoast.com\/wordpress\/plugins\/seo\/ -->\n<title>Help_Register_Products - MyStore - By STLFLIX<\/title>\n<meta name=\"robots\" content=\"index, follow, max-snippet:-1, max-image-preview:large, max-video-preview:-1\" \/>\n<link rel=\"canonical\" href=\"https:\/\/www.testeminhalojamandela.biz\/help_register_products\/\" \/>\n<meta property=\"og:locale\" content=\"pt_BR\" \/>\n<meta property=\"og:type\" content=\"article\" \/>\n<meta property=\"og:title\" content=\"Help_Register_Products - MyStore - By STLFLIX\" \/>\n<meta property=\"og:description\" content=\"Voltar para o menu de ajuda Como registrar meus pr\u00f3prios produtos?\u200b 1. Al\u00e9m dos modelos STLFLIX, voc\u00ea pode adicionar qualquer outro produto \u00e0 sua loja. Para fazer isso, primeiro v\u00e1 para o painel esquerdo, clique em &#8220;Products&#8221; e, em seguida, clique em &#8220;Add New Product&#8221;. 2. Diferente de quando voc\u00ea importa um modelo STLFLIX para [&hellip;]\" \/>\n<meta property=\"og:url\" content=\"https:\/\/www.testeminhalojamandela.biz\/help_register_products\/\" \/>\n<meta property=\"og:site_name\" content=\"MyStore - By STLFLIX\" \/>\n<meta property=\"article:publisher\" content=\"https:\/\/www.facebook.com\/STLFLIX\" \/>\n<meta property=\"article:modified_time\" content=\"2024-11-18T13:40:51+00:00\" \/>\n<meta property=\"og:image\" content=\"https:\/\/my.stlflix.com\/wp-content\/uploads\/2024\/07\/NEW-PRODUCT-1-1024x584.png\" \/>\n<meta name=\"twitter:card\" content=\"summary_large_image\" \/>\n<meta name=\"twitter:label1\" content=\"Est. reading time\" \/>\n\t<meta name=\"twitter:data1\" content=\"2 minutes\" \/>\n<script type=\"application\/ld+json\" class=\"yoast-schema-graph\">{\"@context\":\"https:\/\/schema.org\",\"@graph\":[{\"@type\":\"WebPage\",\"@id\":\"https:\/\/www.testeminhalojamandela.biz\/help_register_products\/\",\"url\":\"https:\/\/www.testeminhalojamandela.biz\/help_register_products\/\",\"name\":\"Help_Register_Products - MyStore - By STLFLIX\",\"isPartOf\":{\"@id\":\"https:\/\/my.stlflix.com\/tr\/#website\"},\"primaryImageOfPage\":{\"@id\":\"https:\/\/www.testeminhalojamandela.biz\/help_register_products\/#primaryimage\"},\"image\":{\"@id\":\"https:\/\/www.testeminhalojamandela.biz\/help_register_products\/#primaryimage\"},\"thumbnailUrl\":\"https:\/\/my.stlflix.com\/wp-content\/uploads\/2024\/07\/NEW-PRODUCT-1-1024x584.png\",\"datePublished\":\"2024-11-13T18:40:09+00:00\",\"dateModified\":\"2024-11-18T13:40:51+00:00\",\"breadcrumb\":{\"@id\":\"https:\/\/www.testeminhalojamandela.biz\/help_register_products\/#breadcrumb\"},\"inLanguage\":\"pt-BR\",\"potentialAction\":[{\"@type\":\"ReadAction\",\"target\":[\"https:\/\/www.testeminhalojamandela.biz\/help_register_products\/\"]}]},{\"@type\":\"ImageObject\",\"inLanguage\":\"pt-BR\",\"@id\":\"https:\/\/www.testeminhalojamandela.biz\/help_register_products\/#primaryimage\",\"url\":\"https:\/\/my.stlflix.com\/wp-content\/uploads\/2024\/07\/NEW-PRODUCT-1-1024x584.png\",\"contentUrl\":\"https:\/\/my.stlflix.com\/wp-content\/uploads\/2024\/07\/NEW-PRODUCT-1-1024x584.png\"},{\"@type\":\"BreadcrumbList\",\"@id\":\"https:\/\/www.testeminhalojamandela.biz\/help_register_products\/#breadcrumb\",\"itemListElement\":[{\"@type\":\"ListItem\",\"position\":1,\"name\":\"Home\",\"item\":\"https:\/\/my.stlflix.com\/pt-br\/\"},{\"@type\":\"ListItem\",\"position\":2,\"name\":\"Help_Register_Products\"}]},{\"@type\":\"WebSite\",\"@id\":\"https:\/\/my.stlflix.com\/tr\/#website\",\"url\":\"https:\/\/my.stlflix.com\/tr\/\",\"name\":\"MyStore - By STLFLIX\",\"description\":\"\",\"publisher\":{\"@id\":\"https:\/\/my.stlflix.com\/tr\/#organization\"},\"potentialAction\":[{\"@type\":\"SearchAction\",\"target\":{\"@type\":\"EntryPoint\",\"urlTemplate\":\"https:\/\/my.stlflix.com\/tr\/?s={search_term_string}\"},\"query-input\":{\"@type\":\"PropertyValueSpecification\",\"valueRequired\":true,\"valueName\":\"search_term_string\"}}],\"inLanguage\":\"pt-BR\"},{\"@type\":\"Organization\",\"@id\":\"https:\/\/my.stlflix.com\/tr\/#organization\",\"name\":\"MyStore - By STLFLIX\",\"url\":\"https:\/\/my.stlflix.com\/tr\/\",\"logo\":{\"@type\":\"ImageObject\",\"inLanguage\":\"pt-BR\",\"@id\":\"https:\/\/my.stlflix.com\/tr\/#\/schema\/logo\/image\/\",\"url\":\"https:\/\/my.stlflix.com\/wp-content\/uploads\/2024\/06\/logo-mystore.png\",\"contentUrl\":\"https:\/\/my.stlflix.com\/wp-content\/uploads\/2024\/06\/logo-mystore.png\",\"width\":150,\"height\":41,\"caption\":\"MyStore - By STLFLIX\"},\"image\":{\"@id\":\"https:\/\/my.stlflix.com\/tr\/#\/schema\/logo\/image\/\"},\"sameAs\":[\"https:\/\/www.facebook.com\/STLFLIX\",\"https:\/\/www.instagram.com\/stlflix_\/\",\"https:\/\/www.tiktok.com\/@stlflix\"]}]}<\/script>\n<!-- \/ Yoast SEO plugin. -->","yoast_head_json":{"title":"Help_Register_Products - MyStore - By STLFLIX","robots":{"index":"index","follow":"follow","max-snippet":"max-snippet:-1","max-image-preview":"max-image-preview:large","max-video-preview":"max-video-preview:-1"},"canonical":"https:\/\/www.testeminhalojamandela.biz\/help_register_products\/","og_locale":"pt_BR","og_type":"article","og_title":"Help_Register_Products - MyStore - By STLFLIX","og_description":"Voltar para o menu de ajuda Como registrar meus pr\u00f3prios produtos?\u200b 1. Al\u00e9m dos modelos STLFLIX, voc\u00ea pode adicionar qualquer outro produto \u00e0 sua loja. Para fazer isso, primeiro v\u00e1 para o painel esquerdo, clique em &#8220;Products&#8221; e, em seguida, clique em &#8220;Add New Product&#8221;. 2. Diferente de quando voc\u00ea importa um modelo STLFLIX para [&hellip;]","og_url":"https:\/\/www.testeminhalojamandela.biz\/help_register_products\/","og_site_name":"MyStore - By STLFLIX","article_publisher":"https:\/\/www.facebook.com\/STLFLIX","article_modified_time":"2024-11-18T13:40:51+00:00","og_image":[{"url":"https:\/\/my.stlflix.com\/wp-content\/uploads\/2024\/07\/NEW-PRODUCT-1-1024x584.png","type":"","width":"","height":""}],"twitter_card":"summary_large_image","twitter_misc":{"Est. reading time":"2 minutes"},"schema":{"@context":"https:\/\/schema.org","@graph":[{"@type":"WebPage","@id":"https:\/\/www.testeminhalojamandela.biz\/help_register_products\/","url":"https:\/\/www.testeminhalojamandela.biz\/help_register_products\/","name":"Help_Register_Products - MyStore - By STLFLIX","isPartOf":{"@id":"https:\/\/my.stlflix.com\/tr\/#website"},"primaryImageOfPage":{"@id":"https:\/\/www.testeminhalojamandela.biz\/help_register_products\/#primaryimage"},"image":{"@id":"https:\/\/www.testeminhalojamandela.biz\/help_register_products\/#primaryimage"},"thumbnailUrl":"https:\/\/my.stlflix.com\/wp-content\/uploads\/2024\/07\/NEW-PRODUCT-1-1024x584.png","datePublished":"2024-11-13T18:40:09+00:00","dateModified":"2024-11-18T13:40:51+00:00","breadcrumb":{"@id":"https:\/\/www.testeminhalojamandela.biz\/help_register_products\/#breadcrumb"},"inLanguage":"pt-BR","potentialAction":[{"@type":"ReadAction","target":["https:\/\/www.testeminhalojamandela.biz\/help_register_products\/"]}]},{"@type":"ImageObject","inLanguage":"pt-BR","@id":"https:\/\/www.testeminhalojamandela.biz\/help_register_products\/#primaryimage","url":"https:\/\/my.stlflix.com\/wp-content\/uploads\/2024\/07\/NEW-PRODUCT-1-1024x584.png","contentUrl":"https:\/\/my.stlflix.com\/wp-content\/uploads\/2024\/07\/NEW-PRODUCT-1-1024x584.png"},{"@type":"BreadcrumbList","@id":"https:\/\/www.testeminhalojamandela.biz\/help_register_products\/#breadcrumb","itemListElement":[{"@type":"ListItem","position":1,"name":"Home","item":"https:\/\/my.stlflix.com\/pt-br\/"},{"@type":"ListItem","position":2,"name":"Help_Register_Products"}]},{"@type":"WebSite","@id":"https:\/\/my.stlflix.com\/tr\/#website","url":"https:\/\/my.stlflix.com\/tr\/","name":"MyStore - By STLFLIX","description":"","publisher":{"@id":"https:\/\/my.stlflix.com\/tr\/#organization"},"potentialAction":[{"@type":"SearchAction","target":{"@type":"EntryPoint","urlTemplate":"https:\/\/my.stlflix.com\/tr\/?s={search_term_string}"},"query-input":{"@type":"PropertyValueSpecification","valueRequired":true,"valueName":"search_term_string"}}],"inLanguage":"pt-BR"},{"@type":"Organization","@id":"https:\/\/my.stlflix.com\/tr\/#organization","name":"MyStore - By STLFLIX","url":"https:\/\/my.stlflix.com\/tr\/","logo":{"@type":"ImageObject","inLanguage":"pt-BR","@id":"https:\/\/my.stlflix.com\/tr\/#\/schema\/logo\/image\/","url":"https:\/\/my.stlflix.com\/wp-content\/uploads\/2024\/06\/logo-mystore.png","contentUrl":"https:\/\/my.stlflix.com\/wp-content\/uploads\/2024\/06\/logo-mystore.png","width":150,"height":41,"caption":"MyStore - By STLFLIX"},"image":{"@id":"https:\/\/my.stlflix.com\/tr\/#\/schema\/logo\/image\/"},"sameAs":["https:\/\/www.facebook.com\/STLFLIX","https:\/\/www.instagram.com\/stlflix_\/","https:\/\/www.tiktok.com\/@stlflix"]}]}},"_links":{"self":[{"href":"https:\/\/www.lojadomandela3d.biz\/pt-br\/wp-json\/wp\/v2\/pages\/154834","targetHints":{"allow":["GET"]}}],"collection":[{"href":"https:\/\/www.lojadomandela3d.biz\/pt-br\/wp-json\/wp\/v2\/pages"}],"about":[{"href":"https:\/\/www.lojadomandela3d.biz\/pt-br\/wp-json\/wp\/v2\/types\/page"}],"author":[{"embeddable":true,"href":"https:\/\/www.lojadomandela3d.biz\/pt-br\/wp-json\/wp\/v2\/users\/358"}],"replies":[{"embeddable":true,"href":"https:\/\/www.lojadomandela3d.biz\/pt-br\/wp-json\/wp\/v2\/comments?post=154834"}],"version-history":[{"count":5,"href":"https:\/\/www.lojadomandela3d.biz\/pt-br\/wp-json\/wp\/v2\/pages\/154834\/revisions"}],"predecessor-version":[{"id":160422,"href":"https:\/\/www.lojadomandela3d.biz\/pt-br\/wp-json\/wp\/v2\/pages\/154834\/revisions\/160422"}],"wp:attachment":[{"href":"https:\/\/www.lojadomandela3d.biz\/pt-br\/wp-json\/wp\/v2\/media?parent=154834"}],"curies":[{"name":"wp","href":"https:\/\/api.w.org\/{rel}","templated":true}]}}